{"id":60,"date":"2024-09-23T14:37:44","date_gmt":"2024-09-23T12:37:44","guid":{"rendered":"https:\/\/factoamiens.fr\/?page_id=60"},"modified":"2024-09-26T11:05:55","modified_gmt":"2024-09-26T09:05:55","slug":"encadrement","status":"publish","type":"page","link":"https:\/\/factoamiens.fr\/index.php\/encadrement\/","title":{"rendered":"Encadrement"},"content":{"rendered":"\n<div class=\"wp-block-group alignwide has-global-padding is-layout-constrained wp-block-group-is-layout-constrained\">\n<h1 class=\"wp-block-heading alignwide has-text-align-center is-style-default has-large-font-size\" style=\"line-height:1.2\">Apr\u00e8s avoir cr\u00e9\u00e9 une s\u00e9rie de cadres pour le photographe Vincent MGNR, j&rsquo;ai \u00e9t\u00e9 amen\u00e9 \u00e0 cr\u00e9er des encadrements sur mesure pour des affiches, des tableaux&#8230;Le cadre est g\u00e9n\u00e9ralement la touche finale d&rsquo;un projet de r\u00e9novation, il est important qu&rsquo;il puisse s&rsquo;int\u00e9grer parfaitement \u00e0 l&rsquo;ambiance de la pi\u00e8ce. Pour cela, rien de mieux qu&rsquo;une r\u00e9alisation sur mesure dans une essence de bois qui s&rsquo;adapte parfaitement au style du projet.<\/h1>\n\n\n\n<p><\/p>\n<\/div>\n\n\n\n<div class=\"wp-block-group alignfull has-global-padding is-layout-constrained wp-container-core-group-is-layout-b25ccd55 wp-block-group-is-layout-constrained\" style=\"margin-top:0;margin-bottom:0;padding-top:var(--wp--preset--spacing--50);padding-right:var(--wp--preset--spacing--50);padding-bottom:var(--wp--preset--spacing--50);padding-left:var(--wp--preset--spacing--50)\">\n<figure class=\"wp-block-image aligncenter size-large is-resized is-style-rounded is-style-rounded--1\"><img loading=\"lazy\" decoding=\"async\" width=\"1017\" height=\"1017\" src=\"https:\/\/factoamiens.fr\/wp-content\/uploads\/2024\/09\/79F9DF1C-A465-4353-B2FF-3633AF788A09-edited.jpg\" alt=\"\" class=\"wp-image-64\" style=\"width:471px;height:auto\" srcset=\"https:\/\/factoamiens.fr\/wp-content\/uploads\/2024\/09\/79F9DF1C-A465-4353-B2FF-3633AF788A09-edited.jpg 1017w, https:\/\/factoamiens.fr\/wp-content\/uploads\/2024\/09\/79F9DF1C-A465-4353-B2FF-3633AF788A09-edited-300x300.jpg 300w, https:\/\/factoamiens.fr\/wp-content\/uploads\/2024\/09\/79F9DF1C-A465-4353-B2FF-3633AF788A09-edited-150x150.jpg 150w, https:\/\/factoamiens.fr\/wp-content\/uploads\/2024\/09\/79F9DF1C-A465-4353-B2FF-3633AF788A09-edited-768x768.jpg 768w\" sizes=\"auto, (max-width: 1017px) 100vw, 1017px\" \/><figcaption class=\"wp-element-caption\">Cadre en Iroko, fond en fr\u00eane<\/figcaption><\/figure>\n\n\n\n<figure class=\"wp-block-image aligncenter size-full is-resized is-style-rounded is-style-rounded--2\"><img loading=\"lazy\" decoding=\"async\" width=\"1024\" height=\"884\" src=\"https:\/\/factoamiens.fr\/wp-content\/uploads\/2024\/09\/89539122-AA49-4AB1-8C67-B7B8B3D098B7-2.jpg\" alt=\"\" class=\"wp-image-72\" style=\"width:473px;height:auto\" srcset=\"https:\/\/factoamiens.fr\/wp-content\/uploads\/2024\/09\/89539122-AA49-4AB1-8C67-B7B8B3D098B7-2.jpg 1024w, https:\/\/factoamiens.fr\/wp-content\/uploads\/2024\/09\/89539122-AA49-4AB1-8C67-B7B8B3D098B7-2-300x259.jpg 300w, https:\/\/factoamiens.fr\/wp-content\/uploads\/2024\/09\/89539122-AA49-4AB1-8C67-B7B8B3D098B7-2-768x663.jpg 768w\" sizes=\"auto, (max-width: 1024px) 100vw, 1024px\" \/><figcaption class=\"wp-element-caption\">Cadre en Iroko, fond en carton blanc<\/figcaption><\/figure>\n\n\n\n<figure class=\"wp-block-image aligncenter size-large is-resized is-style-rounded is-style-rounded--3\"><img loading=\"lazy\" decoding=\"async\" width=\"768\" height=\"1024\" src=\"https:\/\/factoamiens.fr\/wp-content\/uploads\/2024\/09\/538FD080-FAEA-48A8-917A-F3A5877A1289-2-768x1024.jpg\" alt=\"\" class=\"wp-image-74\" style=\"width:474px;height:auto\" srcset=\"https:\/\/factoamiens.fr\/wp-content\/uploads\/2024\/09\/538FD080-FAEA-48A8-917A-F3A5877A1289-2-768x1024.jpg 768w, https:\/\/factoamiens.fr\/wp-content\/uploads\/2024\/09\/538FD080-FAEA-48A8-917A-F3A5877A1289-2-225x300.jpg 225w, https:\/\/factoamiens.fr\/wp-content\/uploads\/2024\/09\/538FD080-FAEA-48A8-917A-F3A5877A1289-2-1152x1536.jpg 1152w, https:\/\/factoamiens.fr\/wp-content\/uploads\/2024\/09\/538FD080-FAEA-48A8-917A-F3A5877A1289-2-1536x2048.jpg 1536w, https:\/\/factoamiens.fr\/wp-content\/uploads\/2024\/09\/538FD080-FAEA-48A8-917A-F3A5877A1289-2-scaled.jpg 1920w\" sizes=\"auto, (max-width: 768px) 100vw, 768px\" \/><figcaption class=\"wp-element-caption\">Cadre en Iroko<\/figcaption><\/figure>\n\n\n\n<figure class=\"wp-block-image aligncenter size-large is-resized is-style-rounded is-style-rounded--4\"><img loading=\"lazy\" decoding=\"async\" width=\"1024\" height=\"768\" src=\"https:\/\/factoamiens.fr\/wp-content\/uploads\/2024\/09\/62A8CC3B-5DB0-45ED-8610-67B715EE46D2-2-1024x768.jpg\" alt=\"\" class=\"wp-image-75\" style=\"width:474px;height:auto\" srcset=\"https:\/\/factoamiens.fr\/wp-content\/uploads\/2024\/09\/62A8CC3B-5DB0-45ED-8610-67B715EE46D2-2-1024x768.jpg 1024w, https:\/\/factoamiens.fr\/wp-content\/uploads\/2024\/09\/62A8CC3B-5DB0-45ED-8610-67B715EE46D2-2-300x225.jpg 300w, https:\/\/factoamiens.fr\/wp-content\/uploads\/2024\/09\/62A8CC3B-5DB0-45ED-8610-67B715EE46D2-2-768x576.jpg 768w, https:\/\/factoamiens.fr\/wp-content\/uploads\/2024\/09\/62A8CC3B-5DB0-45ED-8610-67B715EE46D2-2-1536x1152.jpg 1536w, https:\/\/factoamiens.fr\/wp-content\/uploads\/2024\/09\/62A8CC3B-5DB0-45ED-8610-67B715EE46D2-2-2048x1536.jpg 2048w\" sizes=\"auto, (max-width: 1024px) 100vw, 1024px\" \/><figcaption class=\"wp-element-caption\">Cadre en Fr\u00eane, fond en verre<\/figcaption><\/figure>\n\n\n\n<figure class=\"wp-block-image aligncenter size-large is-resized is-style-rounded is-style-rounded--5\"><img loading=\"lazy\" decoding=\"async\" width=\"1024\" height=\"768\" src=\"https:\/\/factoamiens.fr\/wp-content\/uploads\/2024\/09\/34DC8CD0-1BB9-45A1-A0A7-8B095AEC8D57-1024x768.jpg\" alt=\"\" class=\"wp-image-76\" style=\"width:478px;height:auto\" srcset=\"https:\/\/factoamiens.fr\/wp-content\/uploads\/2024\/09\/34DC8CD0-1BB9-45A1-A0A7-8B095AEC8D57-1024x768.jpg 1024w, https:\/\/factoamiens.fr\/wp-content\/uploads\/2024\/09\/34DC8CD0-1BB9-45A1-A0A7-8B095AEC8D57-300x225.jpg 300w, https:\/\/factoamiens.fr\/wp-content\/uploads\/2024\/09\/34DC8CD0-1BB9-45A1-A0A7-8B095AEC8D57-768x576.jpg 768w, https:\/\/factoamiens.fr\/wp-content\/uploads\/2024\/09\/34DC8CD0-1BB9-45A1-A0A7-8B095AEC8D57-1536x1152.jpg 1536w, https:\/\/factoamiens.fr\/wp-content\/uploads\/2024\/09\/34DC8CD0-1BB9-45A1-A0A7-8B095AEC8D57-2048x1536.jpg 2048w\" sizes=\"auto, (max-width: 1024px) 100vw, 1024px\" \/><figcaption class=\"wp-element-caption\">Grand cadre \u00e0 magnets et petits cadres en Ch\u00eane<\/figcaption><\/figure>\n\n\n\n<figure class=\"wp-block-image aligncenter size-large has-custom-border is-style-rounded is-style-rounded--6\"><img loading=\"lazy\" decoding=\"async\" width=\"1024\" height=\"777\" src=\"https:\/\/factoamiens.fr\/wp-content\/uploads\/2024\/09\/IMG_2012-1024x777.jpg\" alt=\"\" class=\"wp-image-38\" style=\"border-radius:30px\" srcset=\"https:\/\/factoamiens.fr\/wp-content\/uploads\/2024\/09\/IMG_2012-1024x777.jpg 1024w, https:\/\/factoamiens.fr\/wp-content\/uploads\/2024\/09\/IMG_2012-300x228.jpg 300w, https:\/\/factoamiens.fr\/wp-content\/uploads\/2024\/09\/IMG_2012-768x583.jpg 768w, https:\/\/factoamiens.fr\/wp-content\/uploads\/2024\/09\/IMG_2012-1536x1165.jpg 1536w, https:\/\/factoamiens.fr\/wp-content\/uploads\/2024\/09\/IMG_2012-2048x1554.jpg 2048w\" sizes=\"auto, (max-width: 1024px) 100vw, 1024px\" \/><figcaption class=\"wp-element-caption\">Caisse am\u00e9ricaine en pin peint en noir<\/figcaption><\/figure>\n<\/div>\n","protected":false},"excerpt":{"rendered":"<p>Apr\u00e8s avoir cr\u00e9\u00e9 une s\u00e9rie de cadres pour le photographe Vincent MGNR, j&rsquo;ai \u00e9t\u00e9 amen\u00e9 \u00e0 cr\u00e9er des encadrements sur mesure pour des affiches, des tableaux&#8230;Le cadre est g\u00e9n\u00e9ralement la touche finale d&rsquo;un projet de r\u00e9novation, il est important qu&rsquo;il puisse s&rsquo;int\u00e9grer parfaitement \u00e0 l&rsquo;ambiance de la pi\u00e8ce. Pour cela, rien de mieux qu&rsquo;une r\u00e9alisation [&hellip;]<\/p>\n","protected":false},"author":1,"featured_media":38,"parent":0,"menu_order":0,"comment_status":"closed","ping_status":"closed","template":"","meta":{"footnotes":""},"class_list":["post-60","page","type-page","status-publish","has-post-thumbnail","hentry"],"_links":{"self":[{"href":"https:\/\/factoamiens.fr\/index.php\/wp-json\/wp\/v2\/pages\/60","targetHints":{"allow":["GET"]}}],"collection":[{"href":"https:\/\/factoamiens.fr\/index.php\/wp-json\/wp\/v2\/pages"}],"about":[{"href":"https:\/\/factoamiens.fr\/index.php\/wp-json\/wp\/v2\/types\/page"}],"author":[{"embeddable":true,"href":"https:\/\/factoamiens.fr\/index.php\/wp-json\/wp\/v2\/users\/1"}],"replies":[{"embeddable":true,"href":"https:\/\/factoamiens.fr\/index.php\/wp-json\/wp\/v2\/comments?post=60"}],"version-history":[{"count":8,"href":"https:\/\/factoamiens.fr\/index.php\/wp-json\/wp\/v2\/pages\/60\/revisions"}],"predecessor-version":[{"id":228,"href":"https:\/\/factoamiens.fr\/index.php\/wp-json\/wp\/v2\/pages\/60\/revisions\/228"}],"wp:featuredmedia":[{"embeddable":true,"href":"https:\/\/factoamiens.fr\/index.php\/wp-json\/wp\/v2\/media\/38"}],"wp:attachment":[{"href":"https:\/\/factoamiens.fr\/index.php\/wp-json\/wp\/v2\/media?parent=60"}],"curies":[{"name":"wp","href":"https:\/\/api.w.org\/{rel}","templated":true}]}}